{"id":463,"date":"2026-04-16T03:56:35","date_gmt":"2026-04-16T03:56:35","guid":{"rendered":"https:\/\/raylimachinery.com\/?page_id=463"},"modified":"2026-04-16T03:57:19","modified_gmt":"2026-04-16T03:57:19","slug":"project","status":"publish","type":"page","link":"https:\/\/raylimachinery.com\/es\/project\/","title":{"rendered":"project"},"content":{"rendered":"<style>.elementor-463 .elementor-element.elementor-element-ce9bef2{--display:flex;--flex-direction:column;--container-widget-width:100%;--container-widget-height:initial;--container-widget-flex-grow:0;--container-widget-align-self:initial;--flex-wrap-mobile:wrap;--overflow:hidden;--padding-top:7em;--padding-bottom:7em;--padding-left:1em;--padding-right:1em;}.elementor-463 .elementor-element.elementor-element-8dc2ced{--display:flex;--flex-direction:row;--container-widget-width:initial;--container-widget-height:100%;--container-widget-flex-grow:1;--container-widget-align-self:stretch;--flex-wrap-mobile:wrap;--gap:5em 5em;--row-gap:5em;--column-gap:5em;--margin-top:0em;--margin-bottom:2em;--margin-left:0em;--margin-right:0em;--padding-top:0px;--padding-bottom:0px;--padding-left:0px;--padding-right:0px;}.elementor-463 .elementor-element.elementor-element-57ae66e{--display:flex;--padding-top:0px;--padding-bottom:0px;--padding-left:0px;--padding-right:0px;}.elementor-463 .elementor-element.elementor-element-7cfcc55 .elementor-heading-title{font-family:var( --e-global-typography-84ca66e-font-family ), Sans-serif;font-size:var( --e-global-typography-84ca66e-font-size );font-weight:var( --e-global-typography-84ca66e-font-weight );text-transform:var( --e-global-typography-84ca66e-text-transform );line-height:var( --e-global-typography-84ca66e-line-height );letter-spacing:var( --e-global-typography-84ca66e-letter-spacing );word-spacing:var( --e-global-typography-84ca66e-word-spacing );color:var( --e-global-color-text );}.elementor-463 .elementor-element.elementor-element-7cfcc55{padding:0px 0px 0px 2px;border-radius:3px 3px 3px 3px;}.elementor-463 .elementor-element.elementor-element-7cfcc55.elementor-element{--align-self:flex-start;}.elementor-463 .elementor-element.elementor-element-cc9b38b .elementor-heading-title{font-family:var( --e-global-typography-5d167aa-font-family ), Sans-serif;font-size:var( --e-global-typography-5d167aa-font-size );font-weight:var( --e-global-typography-5d167aa-font-weight );line-height:var( --e-global-typography-5d167aa-line-height );letter-spacing:var( --e-global-typography-5d167aa-letter-spacing );word-spacing:var( --e-global-typography-5d167aa-word-spacing );color:var( --e-global-color-primary );}.elementor-463 .elementor-element.elementor-element-735b5e3{--display:flex;--justify-content:flex-end;--padding-top:0px;--padding-bottom:0px;--padding-left:0px;--padding-right:0px;}.elementor-463 .elementor-element.elementor-element-57e44df{--divider-border-style:solid;--divider-color:var( --e-global-color-accent );--divider-border-width:3px;width:var( --container-widget-width, 70px );max-width:70px;--container-widget-width:70px;--container-widget-flex-grow:0;}.elementor-463 .elementor-element.elementor-element-57e44df .elementor-divider-separator{width:100%;}.elementor-463 .elementor-element.elementor-element-57e44df .elementor-divider{padding-block-start:0px;padding-block-end:0px;}.elementor-463 .elementor-element.elementor-element-769d51e{--display:flex;}.elementor-463 .elementor-element.elementor-element-0c08624 .jeg-elementor-kit.jkit-postblock .jkit-posts{grid-template-columns:repeat(3, minmax(0, 1fr));grid-column-gap:40px;}.elementor-463 .elementor-element.elementor-element-0c08624 .jeg-elementor-kit.jkit-postblock .jkit-post{border-radius:10px 10px 10px 10px;box-shadow:0px 0px 10px 0px rgba(168.3, 168.3, 168.3, 0.5);}.elementor-463 .elementor-element.elementor-element-0c08624 .jeg-elementor-kit.jkit-postblock .jkit-thumb .thumbnail-container{height:300px;}.elementor-463 .elementor-element.elementor-element-0c08624 .jeg-elementor-kit.jkit-postblock .jkit-postblock-content{text-align:left;padding:5px 20px 20px 20px;}.elementor-463 .elementor-element.elementor-element-0c08624 .jeg-elementor-kit.jkit-postblock .jkit-meta-readmore.icon-position-before i, .elementor-463 .elementor-element.elementor-element-0c08624 .jeg-elementor-kit.jkit-postblock .jkit-meta-readmore.icon-position-before svg{margin-right:5px;}.elementor-463 .elementor-element.elementor-element-0c08624 .jeg-elementor-kit.jkit-postblock .jkit-meta-readmore.icon-position-after i, .elementor-463 .elementor-element.elementor-element-0c08624 .jeg-elementor-kit.jkit-postblock .jkit-meta-readmore.icon-position-after svg{margin-left:5px;}.elementor-463 .elementor-element.elementor-element-0c08624 .jeg-elementor-kit.jkit-postblock .jkit-readmore{background-color:var( --e-global-color-accent );}.elementor-463 .elementor-element.elementor-element-0c08624 .jeg-elementor-kit.jkit-postblock .jkit-post-meta-bottom{justify-content:space-between;}.elementor-463 .elementor-element.elementor-element-0c08624 .jeg-elementor-kit.jkit-postblock .jeg_empty_module{text-align:left;}@media(min-width:768px){.elementor-463 .elementor-element.elementor-element-57ae66e{--width:50%;}.elementor-463 .elementor-element.elementor-element-735b5e3{--width:50%;}}@media(max-width:1024px) and (min-width:768px){.elementor-463 .elementor-element.elementor-element-ce9bef2{--content-width:90%;}.elementor-463 .elementor-element.elementor-element-57ae66e{--width:100%;}.elementor-463 .elementor-element.elementor-element-735b5e3{--width:100%;}}@media(max-width:1024px){.elementor-463 .elementor-element.elementor-element-ce9bef2{--padding-top:4em;--padding-bottom:4em;--padding-left:0em;--padding-right:0em;}.elementor-463 .elementor-element.elementor-element-8dc2ced{--gap:20px 20px;--row-gap:20px;--column-gap:20px;--flex-wrap:wrap;--margin-top:0em;--margin-bottom:1em;--margin-left:0em;--margin-right:0em;}.elementor-463 .elementor-element.elementor-element-7cfcc55 .elementor-heading-title{font-size:var( --e-global-typography-84ca66e-font-size );line-height:var( --e-global-typography-84ca66e-line-height );letter-spacing:var( --e-global-typography-84ca66e-letter-spacing );word-spacing:var( --e-global-typography-84ca66e-word-spacing );}.elementor-463 .elementor-element.elementor-element-cc9b38b .elementor-heading-title{font-size:var( --e-global-typography-5d167aa-font-size );line-height:var( --e-global-typography-5d167aa-line-height );letter-spacing:var( --e-global-typography-5d167aa-letter-spacing );word-spacing:var( --e-global-typography-5d167aa-word-spacing );}.elementor-463 .elementor-element.elementor-element-cc9b38b{width:var( --container-widget-width, 490px );max-width:490px;--container-widget-width:490px;--container-widget-flex-grow:0;}.elementor-463 .elementor-element.elementor-element-d896a36{margin:0px 0px calc(var(--kit-widget-spacing, 0px) + -13px) 0px;}.elementor-463 .elementor-element.elementor-element-57e44df{--container-widget-width:60px;--container-widget-flex-grow:0;width:var( --container-widget-width, 60px );max-width:60px;}.elementor-463 .elementor-element.elementor-element-0c08624 .jeg-elementor-kit.jkit-postblock .jkit-posts{grid-template-columns:repeat(1, minmax(0, 1fr));}}@media(max-width:767px){.elementor-463 .elementor-element.elementor-element-ce9bef2{--content-width:88%;--padding-top:2em;--padding-bottom:2em;--padding-left:0em;--padding-right:0em;}.elementor-463 .elementor-element.elementor-element-8dc2ced{--margin-top:0px;--margin-bottom:0px;--margin-left:0px;--margin-right:0px;}.elementor-463 .elementor-element.elementor-element-7cfcc55 .elementor-heading-title{font-size:var( --e-global-typography-84ca66e-font-size );line-height:var( --e-global-typography-84ca66e-line-height );letter-spacing:var( --e-global-typography-84ca66e-letter-spacing );word-spacing:var( --e-global-typography-84ca66e-word-spacing );}.elementor-463 .elementor-element.elementor-element-cc9b38b .elementor-heading-title{font-size:var( --e-global-typography-5d167aa-font-size );line-height:var( --e-global-typography-5d167aa-line-height );letter-spacing:var( --e-global-typography-5d167aa-letter-spacing );word-spacing:var( --e-global-typography-5d167aa-word-spacing );}.elementor-463 .elementor-element.elementor-element-735b5e3{--margin-top:0px;--margin-bottom:5px;--margin-left:0px;--margin-right:0px;}.elementor-463 .elementor-element.elementor-element-57e44df{--container-widget-width:50px;--container-widget-flex-grow:0;width:var( --container-widget-width, 50px );max-width:50px;}}<\/style>\t\t<div data-elementor-type=\"wp-page\" data-elementor-id=\"463\" class=\"elementor elementor-463\" data-elementor-post-type=\"page\">\n\t\t\t\t<div class=\"elementor-element elementor-element-ce9bef2 e-flex e-con-boxed e-con e-parent\" data-id=\"ce9bef2\" data-element_type=\"container\" data-e-type=\"container\">\n\t\t\t\t\t<div class=\"e-con-inner\">\n\t\t<div class=\"elementor-element elementor-element-8dc2ced e-con-full e-flex e-con e-child\" data-id=\"8dc2ced\" data-element_type=\"container\" data-e-type=\"container\">\n\t\t<div class=\"elementor-element elementor-element-57ae66e e-con-full e-flex e-con e-child\" data-id=\"57ae66e\" data-element_type=\"container\" data-e-type=\"container\">\n\t\t\t\t<div class=\"elementor-element elementor-element-7cfcc55 elementor-invisible elementor-widget elementor-widget-heading\" data-id=\"7cfcc55\" data-element_type=\"widget\" data-e-type=\"widget\" data-settings=\"{&quot;_animation&quot;:&quot;fadeInRight&quot;}\" data-widget_type=\"heading.default\">\n\t\t\t\t\t<h2 class=\"elementor-heading-title elementor-size-default\">REAL-WORLD IMPACT<\/h2>\t\t\t\t<\/div>\n\t\t\t\t<div class=\"elementor-element elementor-element-cc9b38b elementor-widget-tablet__width-initial elementor-invisible elementor-widget elementor-widget-heading\" data-id=\"cc9b38b\" data-element_type=\"widget\" data-e-type=\"widget\" data-settings=\"{&quot;_animation&quot;:&quot;fadeInUp&quot;}\" data-widget_type=\"heading.default\">\n\t\t\t\t\t<h3 class=\"elementor-heading-title elementor-size-default\">Proven Engineering Solutions for Global Clients<\/h3>\t\t\t\t<\/div>\n\t\t\t\t<\/div>\n\t\t<div class=\"elementor-element elementor-element-735b5e3 e-con-full e-flex e-con e-child\" data-id=\"735b5e3\" data-element_type=\"container\" data-e-type=\"container\">\n\t\t\t\t<div class=\"elementor-element elementor-element-d896a36 elementor-invisible elementor-widget elementor-widget-text-editor\" data-id=\"d896a36\" data-element_type=\"widget\" data-e-type=\"widget\" data-settings=\"{&quot;_animation&quot;:&quot;fadeIn&quot;}\" data-widget_type=\"text-editor.default\">\n\t\t\t\t\t\t\t\t\t<p>We don&#8217;t just manufacture machines; we build sustainable futures. Explore our recent global installations, where Ruili\u2019s advanced plastic recycling machinery helps industrial facilities in 65 countries turn waste into high-value resources with maximum efficiency and zero compromise on quality.<\/p>\t\t\t\t\t\t\t\t<\/div>\n\t\t\t\t<div class=\"elementor-element elementor-element-57e44df elementor-widget__width-initial elementor-widget-divider--view-line elementor-widget elementor-widget-divider\" data-id=\"57e44df\" data-element_type=\"widget\" data-e-type=\"widget\" data-widget_type=\"divider.default\">\n\t\t\t\t\t\t\t<div class=\"elementor-divider\">\n\t\t\t<span class=\"elementor-divider-separator\">\n\t\t\t\t\t\t<\/span>\n\t\t<\/div>\n\t\t\t\t\t\t<\/div>\n\t\t\t\t<\/div>\n\t\t\t\t<\/div>\n\t\t<div class=\"elementor-element elementor-element-769d51e e-con-full e-flex e-con e-child\" data-id=\"769d51e\" data-element_type=\"container\" data-e-type=\"container\">\n\t\t\t\t<div class=\"elementor-element elementor-element-0c08624 elementor-widget elementor-widget-jkit_post_block\" data-id=\"0c08624\" data-element_type=\"widget\" data-e-type=\"widget\" data-widget_type=\"jkit_post_block.default\">\n\t\t\t\t\t<div  class=\"jeg-elementor-kit jkit-postblock postblock-type-3 jkit-pagination-disable post-element jeg_module___69e2ff4d20193\"  data-id=\"jeg_module___69e2ff4d20193\" data-settings=\"{&quot;post_type&quot;:&quot;solotion&quot;,&quot;number_post&quot;:{&quot;unit&quot;:&quot;px&quot;,&quot;size&quot;:3,&quot;sizes&quot;:[]},&quot;post_offset&quot;:0,&quot;unique_content&quot;:&quot;disable&quot;,&quot;include_post&quot;:&quot;&quot;,&quot;exclude_post&quot;:&quot;&quot;,&quot;include_category&quot;:&quot;&quot;,&quot;exclude_category&quot;:&quot;&quot;,&quot;include_author&quot;:&quot;&quot;,&quot;include_tag&quot;:&quot;&quot;,&quot;exclude_tag&quot;:&quot;&quot;,&quot;pro_line&quot;:&quot;&quot;,&quot;product_category&quot;:&quot;&quot;,&quot;sort_by&quot;:&quot;latest&quot;,&quot;pagination_mode&quot;:&quot;disable&quot;,&quot;pagination_loadmore_text&quot;:&quot;Load More&quot;,&quot;pagination_loading_text&quot;:&quot;Loading...&quot;,&quot;pagination_number_post&quot;:{&quot;unit&quot;:&quot;px&quot;,&quot;size&quot;:3,&quot;sizes&quot;:[]},&quot;pagination_scroll_limit&quot;:0,&quot;pagination_icon&quot;:{&quot;value&quot;:&quot;&quot;,&quot;library&quot;:&quot;&quot;},&quot;pagination_icon_position&quot;:&quot;before&quot;,&quot;st_category_position&quot;:&quot;center&quot;,&quot;sg_content_postblock_type&quot;:&quot;type-3&quot;,&quot;sg_content_element_order&quot;:&quot;title,meta,excerpt,read&quot;,&quot;sg_content_breakpoint&quot;:&quot;tablet&quot;,&quot;sg_content_title_html_tag&quot;:&quot;h3&quot;,&quot;sg_content_category_enable&quot;:&quot;yes&quot;,&quot;sg_content_excerpt_enable&quot;:&quot;yes&quot;,&quot;sg_content_excerpt_length&quot;:{&quot;unit&quot;:&quot;px&quot;,&quot;size&quot;:120,&quot;sizes&quot;:[]},&quot;sg_content_excerpt_more&quot;:&quot;...&quot;,&quot;sg_content_readmore_enable&quot;:&quot;yes&quot;,&quot;sg_content_readmore_icon&quot;:{&quot;value&quot;:&quot;fas fa-arrow-right&quot;,&quot;library&quot;:&quot;fa-solid&quot;},&quot;sg_content_readmore_icon_position&quot;:&quot;after&quot;,&quot;sg_content_readmore_text&quot;:&quot;Read More&quot;,&quot;sg_content_comment_enable&quot;:&quot;&quot;,&quot;sg_content_comment_icon&quot;:{&quot;value&quot;:&quot;fas fa-comment&quot;,&quot;library&quot;:&quot;fa-solid&quot;},&quot;sg_content_comment_icon_position&quot;:&quot;before&quot;,&quot;sg_content_meta_enable&quot;:&quot;&quot;,&quot;sg_content_meta_author_enable&quot;:&quot;yes&quot;,&quot;sg_content_meta_author_by_text&quot;:&quot;by&quot;,&quot;sg_content_meta_author_icon&quot;:{&quot;value&quot;:&quot;fas fa-user&quot;,&quot;library&quot;:&quot;fa-solid&quot;},&quot;sg_content_meta_author_icon_position&quot;:&quot;before&quot;,&quot;sg_content_meta_date_enable&quot;:&quot;&quot;,&quot;sg_content_meta_date_type&quot;:&quot;published&quot;,&quot;sg_content_meta_date_format&quot;:&quot;default&quot;,&quot;sg_content_meta_date_format_custom&quot;:&quot;F j, Y&quot;,&quot;sg_content_meta_date_icon&quot;:{&quot;value&quot;:&quot;fas fa-clock&quot;,&quot;library&quot;:&quot;fa-solid&quot;},&quot;sg_content_meta_date_icon_position&quot;:&quot;before&quot;,&quot;sg_content_image_size_imagesize_size&quot;:&quot;medium&quot;,&quot;paged&quot;:1,&quot;class&quot;:&quot;jkit_post_block&quot;}\"><div class=\"jkit-block-container\"><div class=\"jkit-posts jkit-ajax-flag\">\n            <article class=\"jkit-post post-566 solotion type-solotion status-publish has-post-thumbnail hentry pro_line-pp-pe-film-washing-recycling-line\">\n                    <div class=\"jkit-thumb\"><a aria-label=\"Estudio de caso: L\u00ednea de lavado de pel\u00edcula de envasado PP\/PE de 1.000 KG\/H en Indonesia\" href=\"https:\/\/raylimachinery.com\/es\/solotion\/case-study-1000-kg-h-pp-pe-packaging-film-washing-line-in-indonesia\/\"><div class=\"thumbnail-container\">\n            <img loading=\"lazy\" decoding=\"async\" width=\"300\" height=\"200\" src=\"https:\/\/raylimachinery.com\/wp-content\/uploads\/2026\/04\/pppe_4-300x200.jpg\" class=\"attachment-medium size-medium wp-post-image\" alt=\"\" srcset=\"https:\/\/raylimachinery.com\/wp-content\/uploads\/2026\/04\/pppe_4-300x200.jpg 300w, https:\/\/raylimachinery.com\/wp-content\/uploads\/2026\/04\/pppe_4-1024x683.jpg 1024w, https:\/\/raylimachinery.com\/wp-content\/uploads\/2026\/04\/pppe_4-768x512.jpg 768w, https:\/\/raylimachinery.com\/wp-content\/uploads\/2026\/04\/pppe_4.jpg 1300w\" sizes=\"auto, (max-width: 300px) 100vw, 300px\" \/>\n        <\/div><\/a><\/div>\n                    <div class=\"jkit-postblock-content\"><h3 class=\"jkit-post-title\">\n\t\t\t\t\t\t\t<a href=\"https:\/\/raylimachinery.com\/es\/solotion\/case-study-1000-kg-h-pp-pe-packaging-film-washing-line-in-indonesia\/\">Estudio de caso: L\u00ednea de lavado de pel\u00edcula de envasado PP\/PE de 1.000 KG\/H en Indonesia<\/a>\n\t\t\t\t\t\t<\/h3><div class=\"jkit-post-excerpt\"><p>Project Overview Location: Indonesia Commission Date: April 2024 Capacity: 1,000 KG\/H (1 T\/H) Application: Post-Consumer\/Industrial Packaging Film (PP\/PE) Recycling Key Components: Streamlined Washing System, Plastic Film Squeezing Machine The Challenge Processing flexible packaging films efficiently can be challenging, particularly when trying to balance equipment investment costs with the strict quality requirements for final pelletizing. The client in Indonesia needed a highly cost-effective, space-efficient solution that could thoroughly clean waste PP\/PE packaging films while ensuring the final scraps were dry enough for immediate reuse. Our Customized Solution To deliver maximum value and operational efficiency, we provided a highly focused and optimized recycling solution: Streamlined Washing Design: We engineered a simplified but highly effective washing line layout. This compact configuration minimizes energy...<\/p><\/div><div class=\"jkit-post-meta-bottom\">\n\t\t\t\t\t\t\t<div class=\"jkit-meta-readmore icon-position-after\">\n                <a title=\"Estudio de caso: L\u00ednea de lavado de pel\u00edcula de envasado PP\/PE de 1.000 KG\/H en Indonesia\" href=\"https:\/\/raylimachinery.com\/es\/solotion\/case-study-1000-kg-h-pp-pe-packaging-film-washing-line-in-indonesia\/\" class=\"jkit-readmore\">Seguir leyendo<svg aria-hidden=\"true\" class=\"e-font-icon-svg e-fas-arrow-right\" viewbox=\"0 0 448 512\" xmlns=\"http:\/\/www.w3.org\/2000\/svg\"><path d=\"M190.5 66.9l22.2-22.2c9.4-9.4 24.6-9.4 33.9 0L441 239c9.4 9.4 9.4 24.6 0 33.9L246.6 467.3c-9.4 9.4-24.6 9.4-33.9 0l-22.2-22.2c-9.5-9.5-9.3-25 .4-34.3L311.4 296H24c-13.3 0-24-10.7-24-24v-32c0-13.3 10.7-24 24-24h287.4L190.9 101.2c-9.8-9.3-10-24.8-.4-34.3z\"><\/path><\/svg><\/a>\n            <\/div>\n\t\t\t\t\t\t<\/div><\/div>\n                <\/article><article class=\"jkit-post post-565 solotion type-solotion status-publish has-post-thumbnail hentry pro_line-pp-pe-film-washing-recycling-line\">\n                    <div class=\"jkit-thumb\"><a aria-label=\"Caso pr\u00e1ctico: L\u00ednea de lavado de film agr\u00edcola de 2.000 KG\/H en Xinjiang\" href=\"https:\/\/raylimachinery.com\/es\/solotion\/case-study-2000-kg-h-agricultural-film-washing-line-in-xinjiang\/\"><div class=\"thumbnail-container\">\n            <img loading=\"lazy\" decoding=\"async\" width=\"300\" height=\"200\" src=\"https:\/\/raylimachinery.com\/wp-content\/uploads\/2026\/04\/pppe_2-300x200.jpg\" class=\"attachment-medium size-medium wp-post-image\" alt=\"\" srcset=\"https:\/\/raylimachinery.com\/wp-content\/uploads\/2026\/04\/pppe_2-300x200.jpg 300w, https:\/\/raylimachinery.com\/wp-content\/uploads\/2026\/04\/pppe_2-1024x683.jpg 1024w, https:\/\/raylimachinery.com\/wp-content\/uploads\/2026\/04\/pppe_2-768x512.jpg 768w, https:\/\/raylimachinery.com\/wp-content\/uploads\/2026\/04\/pppe_2.jpg 1300w\" sizes=\"auto, (max-width: 300px) 100vw, 300px\" \/>\n        <\/div><\/a><\/div>\n                    <div class=\"jkit-postblock-content\"><h3 class=\"jkit-post-title\">\n\t\t\t\t\t\t\t<a href=\"https:\/\/raylimachinery.com\/es\/solotion\/case-study-2000-kg-h-agricultural-film-washing-line-in-xinjiang\/\">Caso pr\u00e1ctico: L\u00ednea de lavado de film agr\u00edcola de 2.000 KG\/H en Xinjiang<\/a>\n\t\t\t\t\t\t<\/h3><div class=\"jkit-post-excerpt\"><p>Project Overview Location: Xinjiang, China Commission Date: December 2024 Base Capacity: 2,000 KG\/H (2 T\/H) Application: Agricultural PP\/PE Film Recycling Key Components: Trommel Screen, Horizontal Cutter, Heavy-Duty Crusher, Dual Friction Washers, Floating Washing Tank The Challenge Recycling agricultural films (PP\/PE) in regions like Xinjiang presents a unique challenge due to severe contamination from sand, soil, and agricultural debris. The client required a robust washing line capable of handling tough, highly contaminated plastics while effectively removing abrasive materials without slowing down the overall production speed. Our Customized Solution To address the heavy sand contamination and maximize processing throughput, we engineered a highly efficient, multi-stage crushing and washing system: Pre-Treatment Sand Removal: Before entering the main washing phase, the raw film is...<\/p><\/div><div class=\"jkit-post-meta-bottom\">\n\t\t\t\t\t\t\t<div class=\"jkit-meta-readmore icon-position-after\">\n                <a title=\"Caso pr\u00e1ctico: L\u00ednea de lavado de film agr\u00edcola de 2.000 KG\/H en Xinjiang\" href=\"https:\/\/raylimachinery.com\/es\/solotion\/case-study-2000-kg-h-agricultural-film-washing-line-in-xinjiang\/\" class=\"jkit-readmore\">Seguir leyendo<svg aria-hidden=\"true\" class=\"e-font-icon-svg e-fas-arrow-right\" viewbox=\"0 0 448 512\" xmlns=\"http:\/\/www.w3.org\/2000\/svg\"><path d=\"M190.5 66.9l22.2-22.2c9.4-9.4 24.6-9.4 33.9 0L441 239c9.4 9.4 9.4 24.6 0 33.9L246.6 467.3c-9.4 9.4-24.6 9.4-33.9 0l-22.2-22.2c-9.5-9.5-9.3-25 .4-34.3L311.4 296H24c-13.3 0-24-10.7-24-24v-32c0-13.3 10.7-24 24-24h287.4L190.9 101.2c-9.8-9.3-10-24.8-.4-34.3z\"><\/path><\/svg><\/a>\n            <\/div>\n\t\t\t\t\t\t<\/div><\/div>\n                <\/article><article class=\"jkit-post post-551 solotion type-solotion status-publish has-post-thumbnail hentry pro_line-pet-bottles-hot-washing-line\">\n                    <div class=\"jkit-thumb\"><a aria-label=\"Caso pr\u00e1ctico: L\u00ednea de reciclaje de botellas de PET de 2,5 T\/H en Bangladesh\" href=\"https:\/\/raylimachinery.com\/es\/solotion\/case-study-2-5-t-h-pet-bottle-recycling-line-in-bangladesh\/\"><div class=\"thumbnail-container\">\n            <img loading=\"lazy\" decoding=\"async\" width=\"300\" height=\"145\" src=\"https:\/\/raylimachinery.com\/wp-content\/uploads\/2026\/04\/petbo4-300x145.jpg\" class=\"attachment-medium size-medium wp-post-image\" alt=\"\" srcset=\"https:\/\/raylimachinery.com\/wp-content\/uploads\/2026\/04\/petbo4-300x145.jpg 300w, https:\/\/raylimachinery.com\/wp-content\/uploads\/2026\/04\/petbo4-1024x493.jpg 1024w, https:\/\/raylimachinery.com\/wp-content\/uploads\/2026\/04\/petbo4-768x370.jpg 768w, https:\/\/raylimachinery.com\/wp-content\/uploads\/2026\/04\/petbo4.jpg 1289w\" sizes=\"auto, (max-width: 300px) 100vw, 300px\" \/>\n        <\/div><\/a><\/div>\n                    <div class=\"jkit-postblock-content\"><h3 class=\"jkit-post-title\">\n\t\t\t\t\t\t\t<a href=\"https:\/\/raylimachinery.com\/es\/solotion\/case-study-2-5-t-h-pet-bottle-recycling-line-in-bangladesh\/\">Caso pr\u00e1ctico: L\u00ednea de reciclaje de botellas de PET de 2,5 T\/H en Bangladesh<\/a>\n\t\t\t\t\t\t<\/h3><div class=\"jkit-post-excerpt\"><p>Project Overview Location: Bangladesh Commission Date: August 2024 Input Material: Raw PET Bottles (4 Tons\/Hour) Final Output: Clear &amp; Light Blue PET Flakes (14mm) Output Capacity: 2.5 Tons\/Hour End Application: PSF (Polyester Staple Fiber) Fillings, Quilts, and Padding The Challenge To meet the high standards of the local textile industry, our client in Bangladesh required a highly efficient PET recycling line. Their facility needed to process 4 tons of raw PET bottles per hour. The most critical requirement was an extremely strict color sorting standard: the final output had to yield exactly 95% clear (white) flakes and 5% blue flakes. Achieving this precise ratio was essential for manufacturing their premium PSF fillings and bedding padding without compromising fiber quality. Our...<\/p><\/div><div class=\"jkit-post-meta-bottom\">\n\t\t\t\t\t\t\t<div class=\"jkit-meta-readmore icon-position-after\">\n                <a title=\"Caso pr\u00e1ctico: L\u00ednea de reciclaje de botellas de PET de 2,5 T\/H en Bangladesh\" href=\"https:\/\/raylimachinery.com\/es\/solotion\/case-study-2-5-t-h-pet-bottle-recycling-line-in-bangladesh\/\" class=\"jkit-readmore\">Seguir leyendo<svg aria-hidden=\"true\" class=\"e-font-icon-svg e-fas-arrow-right\" viewbox=\"0 0 448 512\" xmlns=\"http:\/\/www.w3.org\/2000\/svg\"><path d=\"M190.5 66.9l22.2-22.2c9.4-9.4 24.6-9.4 33.9 0L441 239c9.4 9.4 9.4 24.6 0 33.9L246.6 467.3c-9.4 9.4-24.6 9.4-33.9 0l-22.2-22.2c-9.5-9.5-9.3-25 .4-34.3L311.4 296H24c-13.3 0-24-10.7-24-24v-32c0-13.3 10.7-24 24-24h287.4L190.9 101.2c-9.8-9.3-10-24.8-.4-34.3z\"><\/path><\/svg><\/a>\n            <\/div>\n\t\t\t\t\t\t<\/div><\/div>\n                <\/article>\n        <\/div><\/div><\/div>\t\t\t\t<\/div>\n\t\t\t\t<\/div>\n\t\t\t\t\t<\/div>\n\t\t\t\t<\/div>\n\t\t\t\t<\/div>","protected":false},"excerpt":{"rendered":"<p>REAL-WORLD IMPACT Proven Engineering Solutions for Global Clients We don&#8217;t just manufacture machines; we build sustainable futures. Explore our recent global installations, where Ruili\u2019s advanced plastic recycling machinery helps industrial facilities in 65 countries turn waste into high-value resources with maximum efficiency and zero compromise on quality. edit post Case Study: 2000kg\/h High-Precision HDPE Washing [&hellip;]<\/p>\n","protected":false},"author":1,"featured_media":0,"parent":0,"menu_order":0,"comment_status":"closed","ping_status":"closed","template":"","meta":{"footnotes":""},"class_list":["post-463","page","type-page","status-publish","hentry"],"_links":{"self":[{"href":"https:\/\/raylimachinery.com\/es\/wp-json\/wp\/v2\/pages\/463","targetHints":{"allow":["GET"]}}],"collection":[{"href":"https:\/\/raylimachinery.com\/es\/wp-json\/wp\/v2\/pages"}],"about":[{"href":"https:\/\/raylimachinery.com\/es\/wp-json\/wp\/v2\/types\/page"}],"author":[{"embeddable":true,"href":"https:\/\/raylimachinery.com\/es\/wp-json\/wp\/v2\/users\/1"}],"replies":[{"embeddable":true,"href":"https:\/\/raylimachinery.com\/es\/wp-json\/wp\/v2\/comments?post=463"}],"version-history":[{"count":4,"href":"https:\/\/raylimachinery.com\/es\/wp-json\/wp\/v2\/pages\/463\/revisions"}],"predecessor-version":[{"id":467,"href":"https:\/\/raylimachinery.com\/es\/wp-json\/wp\/v2\/pages\/463\/revisions\/467"}],"wp:attachment":[{"href":"https:\/\/raylimachinery.com\/es\/wp-json\/wp\/v2\/media?parent=463"}],"curies":[{"name":"wp","href":"https:\/\/api.w.org\/{rel}","templated":true}]}}